{"id":146,"date":"2006-08-21T15:18:22","date_gmt":"2006-08-21T14:18:22","guid":{"rendered":"http:\/\/www.websyte.ch\/wordpress\/?page_id=146"},"modified":"2017-06-02T00:50:15","modified_gmt":"2017-06-01T23:50:15","slug":"impressum","status":"publish","type":"page","link":"https:\/\/www.websyte.ch\/wordpress\/impressum","title":{"rendered":"impressum"},"content":{"rendered":"<p><strong>kontakt<\/strong><br \/>\nthomas kalbermatten<br \/>\nch-8902 urdorf<br \/>\nthomy [at] websyte [.] ch<\/p>\n<p>bilder: selbstgeschossen<br \/>\nsounds: alles originale mit band\/song angabe<\/p>\n<p><strong>Rechtliches<\/strong><br \/>\nDer Inhalt dieser Webseiten wird mit gr\u00f6sstm\u00f6glicher Sorgfalt gepflegt.<br \/>\nTrotzdem wird f\u00fcr den Inhalt keine Haftung \u00fcbernommen. Druckfehler, Irrt\u00fcmer<br \/>\nund \u00c4nderungen vorbehalten. Der Inhalt ist urheberrechtlich gesch\u00fctzt.<\/p>\n<p>F\u00fcr die Inhalte externer Links \u00fcbernehme ich keine Haftung.<br \/>\nF\u00fcr den Inhalt der verlinkten Seiten sind ausschliesslich deren Betreiber<br \/>\nverantwortlich.<\/p>\n<p>Dies ist eine private, nicht kommerzielle Webseite.<\/p>\n","protected":false},"excerpt":{"rendered":"<p>kontakt thomas kalbermatten ch-8902 urdorf thomy [at] websyte [.] ch bilder: selbstgeschossen sounds: alles originale mit band\/song angabe Rechtliches Der Inhalt dieser Webseiten wird mit gr\u00f6sstm\u00f6glicher Sorgfalt gepflegt. Trotzdem wird f\u00fcr den Inhalt keine Haftung \u00fcbernommen. Druckfehler, Irrt\u00fcmer und \u00c4nderungen vorbehalten. Der Inhalt ist urheberrechtlich gesch\u00fctzt. F\u00fcr die Inhalte externer Links \u00fcbernehme ich keine Haftung. [&hellip;]<\/p>\n","protected":false},"author":71,"featured_media":0,"parent":0,"menu_order":0,"comment_status":"closed","ping_status":"closed","template":"","meta":{"footnotes":""},"class_list":["post-146","page","type-page","status-publish","hentry","missing-thumbnail"],"_links":{"self":[{"href":"https:\/\/www.websyte.ch\/wordpress\/wp-json\/wp\/v2\/pages\/146","targetHints":{"allow":["GET"]}}],"collection":[{"href":"https:\/\/www.websyte.ch\/wordpress\/wp-json\/wp\/v2\/pages"}],"about":[{"href":"https:\/\/www.websyte.ch\/wordpress\/wp-json\/wp\/v2\/types\/page"}],"author":[{"embeddable":true,"href":"https:\/\/www.websyte.ch\/wordpress\/wp-json\/wp\/v2\/users\/71"}],"replies":[{"embeddable":true,"href":"https:\/\/www.websyte.ch\/wordpress\/wp-json\/wp\/v2\/comments?post=146"}],"version-history":[{"count":6,"href":"https:\/\/www.websyte.ch\/wordpress\/wp-json\/wp\/v2\/pages\/146\/revisions"}],"predecessor-version":[{"id":2057,"href":"https:\/\/www.websyte.ch\/wordpress\/wp-json\/wp\/v2\/pages\/146\/revisions\/2057"}],"wp:attachment":[{"href":"https:\/\/www.websyte.ch\/wordpress\/wp-json\/wp\/v2\/media?parent=146"}],"curies":[{"name":"wp","href":"https:\/\/api.w.org\/{rel}","templated":true}]}}